{"id":10,"date":"2024-04-05T16:20:30","date_gmt":"2024-04-05T14:20:30","guid":{"rendered":"https:\/\/k-plus.pl\/new\/?page_id=10"},"modified":"2026-02-20T16:03:05","modified_gmt":"2026-02-20T15:03:05","slug":"strona-glowna","status":"publish","type":"page","link":"https:\/\/k-plus.pl\/new\/","title":{"rendered":"Strona G\u0142\u00f3wna"},"content":{"rendered":"<p>[et_pb_section fb_built=&#8221;1&#8243; custom_padding_last_edited=&#8221;on|phone&#8221; admin_label=&#8221;Header&#8221; _builder_version=&#8221;4.16&#8243; _module_preset=&#8221;default&#8221; use_background_color_gradient=&#8221;on&#8221; background_color_gradient_direction=&#8221;140deg&#8221; background_color_gradient_stops=&#8221;#ffdcd5 0%|#85c3e0 60%&#8221; background_color_gradient_start=&#8221;#ffdcd5&#8243; background_color_gradient_end=&#8221;#85c3e0&#8243; background_color_gradient_end_position=&#8221;60%&#8221; background_image=&#8221;https:\/\/k-plus.pl\/new\/wp-content\/uploads\/2024\/04\/engineering-firm-46.png&#8221; background_size=&#8221;initial&#8221; background_position=&#8221;top_center&#8221; custom_margin=&#8221;||64px||false|false&#8221; custom_padding=&#8221;126px||||false|false&#8221; custom_padding_tablet=&#8221;&#8221; custom_padding_phone=&#8221;40px||||false|false&#8221; global_colors_info=&#8221;{}&#8221;][et_pb_row column_structure=&#8221;3_5,2_5&#8243; _builder_version=&#8221;4.16&#8243; _module_preset=&#8221;default&#8221; custom_padding=&#8221;0px||0px|||&#8221; module_alignment_tablet=&#8221;center&#8221; module_alignment_last_edited=&#8221;off|desktop&#8221; global_colors_info=&#8221;{}&#8221;][et_pb_column type=&#8221;3_5&#8243; _builder_version=&#8221;4.16&#8243; _module_preset=&#8221;default&#8221; global_colors_info=&#8221;{}&#8221;][et_pb_text _builder_version=&#8221;4.24.3&#8243; _module_preset=&#8221;370cf134-a811-4d7c-90e9-083991f25ee4&#8243; header_font=&#8221;Trirong|500|||||||&#8221; header_text_color=&#8221;#000000&#8243; header_font_size=&#8221;80px&#8221; header_line_height=&#8221;1.1em&#8221; header_font_size_tablet=&#8221;36px&#8221; header_font_size_phone=&#8221;22px&#8221; header_font_size_last_edited=&#8221;on|phone&#8221; global_colors_info=&#8221;{}&#8221;]<\/p>\n<h2><strong>K-PLUS &#8211; Biuro Projektowe<\/strong><\/h2>\n<p>[\/et_pb_text][\/et_pb_column][et_pb_column type=&#8221;2_5&#8243; _builder_version=&#8221;4.16&#8243; _module_preset=&#8221;default&#8221; global_colors_info=&#8221;{}&#8221;][\/et_pb_column][\/et_pb_row][et_pb_row column_structure=&#8221;1_4,1_2,1_4&#8243; use_custom_gutter=&#8221;on&#8221; gutter_width=&#8221;1&#8243; make_equal=&#8221;on&#8221; _builder_version=&#8221;4.24.3&#8243; _module_preset=&#8221;default&#8221; width_tablet=&#8221;100%&#8221; width_phone=&#8221;&#8221; width_last_edited=&#8221;on|tablet&#8221; max_width=&#8221;none&#8221; custom_margin=&#8221;3px|auto||auto|false|false&#8221; custom_margin_tablet=&#8221;0px||||false|false&#8221; custom_margin_phone=&#8221;&#8221; custom_margin_last_edited=&#8221;on|tablet&#8221; custom_padding=&#8221;0px|||||&#8221; global_colors_info=&#8221;{}&#8221;][et_pb_column type=&#8221;1_4&#8243; _builder_version=&#8221;4.16&#8243; _module_preset=&#8221;default&#8221; global_colors_info=&#8221;{}&#8221;][et_pb_image src=&#8221;https:\/\/k-plus.pl\/new\/wp-content\/uploads\/2024\/04\/engineering-firm-47.png&#8221; title_text=&#8221;engineering-firm-47&#8243; show_bottom_space=&#8221;off&#8221; align=&#8221;right&#8221; _builder_version=&#8221;4.24.3&#8243; _module_preset=&#8221;default&#8221; positioning=&#8221;absolute&#8221; position_origin_a=&#8221;bottom_right&#8221; position_origin_a_tablet=&#8221;&#8221; position_origin_a_phone=&#8221;&#8221; position_origin_a_last_edited=&#8221;on|tablet&#8221; position_origin_f_tablet=&#8221;&#8221; position_origin_f_phone=&#8221;&#8221; position_origin_f_last_edited=&#8221;on|tablet&#8221; position_origin_r_tablet=&#8221;&#8221; position_origin_r_phone=&#8221;&#8221; position_origin_r_last_edited=&#8221;on|tablet&#8221; custom_margin=&#8221;|||-10vw|false|false&#8221; custom_margin_tablet=&#8221;|||0vw|false|false&#8221; custom_margin_phone=&#8221;&#8221; custom_margin_last_edited=&#8221;on|tablet&#8221; animation_style=&#8221;fade&#8221; animation_direction=&#8221;bottom&#8221; positioning_tablet=&#8221;none&#8221; positioning_phone=&#8221;&#8221; positioning_last_edited=&#8221;on|tablet&#8221; global_colors_info=&#8221;{}&#8221;][\/et_pb_image][\/et_pb_column][et_pb_column type=&#8221;1_2&#8243; _builder_version=&#8221;4.24.3&#8243; _module_preset=&#8221;default&#8221; background_color=&#8221;#3d699e&#8221; transform_scale_tablet=&#8221;&#8221; transform_scale_phone=&#8221;&#8221; transform_scale_last_edited=&#8221;on|tablet&#8221; transform_translate=&#8221;0px|64px&#8221; transform_translate_tablet=&#8221;0px|0px&#8221; transform_translate_phone=&#8221;&#8221; transform_translate_last_edited=&#8221;on|tablet&#8221; transform_translate_linked=&#8221;off&#8221; transform_rotate_tablet=&#8221;&#8221; transform_rotate_phone=&#8221;&#8221; transform_rotate_last_edited=&#8221;on|tablet&#8221; transform_skew_tablet=&#8221;&#8221; transform_skew_phone=&#8221;&#8221; transform_skew_last_edited=&#8221;on|tablet&#8221; transform_origin_tablet=&#8221;&#8221; transform_origin_phone=&#8221;&#8221; transform_origin_last_edited=&#8221;on|tablet&#8221; transform_styles_last_edited=&#8221;on|tablet&#8221; custom_padding=&#8221;60px|30px|40px|30px|false|true&#8221; custom_padding_tablet=&#8221;&#8221; custom_padding_phone=&#8221;20px|20px|20px|20px|true|true&#8221; custom_padding_last_edited=&#8221;on|phone&#8221; transform_styles_tablet=&#8221;&#8221; transform_styles_phone=&#8221;&#8221; box_shadow_style=&#8221;preset3&#8243; box_shadow_vertical=&#8221;64px&#8221; box_shadow_blur=&#8221;72px&#8221; box_shadow_spread=&#8221;-16px&#8221; box_shadow_color=&#8221;rgba(67,103,193,0.4)&#8221; global_colors_info=&#8221;{}&#8221;][et_pb_text _builder_version=&#8221;4.24.3&#8243; _module_preset=&#8221;default&#8221; header_3_font=&#8221;|700|||||||&#8221; header_3_font_size=&#8221;16px&#8221; header_3_line_height=&#8221;1.5em&#8221; background_layout=&#8221;dark&#8221; custom_margin=&#8221;38px||20px||false|false&#8221; global_colors_info=&#8221;{}&#8221;]<\/p>\n<h3>Pasja i do\u015bwiadczenie to gwarancja sukcesu.<\/h3>\n<p>[\/et_pb_text][et_pb_text _builder_version=&#8221;4.24.3&#8243; _module_preset=&#8221;default&#8221; text_line_height=&#8221;2em&#8221; background_layout=&#8221;dark&#8221; custom_margin=&#8221;||-1px||false|false&#8221; global_colors_info=&#8221;{}&#8221;]<\/p>\n<p style=\"text-align: justify;\">Od lat zajmujemy si\u0119 projektowaniem konstrukcji oraz instalacji budynk\u00f3w i budowli in\u017cynierskich ro\u017cnej wielko\u015bci i funkcji. Nale\u017c\u0105 do nich zar\u00f3wno konstrukcje \u017celbetowe, stalowe, drewniane, jak r\u00f3wnie\u017c tradycyjne murowane. Wykonujemy projekty budowlane i wykonawcze dom\u00f3w mieszkalnych indywidualnych oraz typowych, budynk\u00f3w wielorodzinnych i u\u017cyteczno\u015bci publicznej, hal przemys\u0142owych oraz konstrukcji in\u017cynierskich. Nasz\u0105 pracowni\u0119 tworz\u0105 in\u017cynierowie z szerokim do\u015bwiadczeniem i uprawnieniami budowlanymi. Bior\u0105c pod uwag\u0119 wymagania inwestora, rozwi\u0105zujemy ka\u017cdy projekt indywidualnie, projektuj\u0105c ekonomicznie w oparciu o obowi\u0105zuj\u0105ce normy i przepisy. Wsp\u00f3\u0142pracujemy z projektantami architektury, geodetami, projektantami architektury wn\u0119trz, elektrykami, firmami wykonawczymi. Wykonujemy ekspertyzy budowlane i oceny stanu technicznego budowli, wydajemy \u015bwiadectwa energetyczne.<\/p>\n<p>[\/et_pb_text][\/et_pb_column][et_pb_column type=&#8221;1_4&#8243; _builder_version=&#8221;4.24.3&#8243; _module_preset=&#8221;default&#8221; transform_scale_tablet=&#8221;&#8221; transform_scale_phone=&#8221;&#8221; transform_scale_last_edited=&#8221;on|tablet&#8221; transform_translate=&#8221;0px|64px&#8221; transform_translate_tablet=&#8221;0px|0px&#8221; transform_translate_phone=&#8221;&#8221; transform_translate_last_edited=&#8221;on|tablet&#8221; transform_translate_linked=&#8221;off&#8221; transform_rotate_tablet=&#8221;&#8221; transform_rotate_phone=&#8221;&#8221; transform_rotate_last_edited=&#8221;on|tablet&#8221; transform_skew_tablet=&#8221;&#8221; transform_skew_phone=&#8221;&#8221; transform_skew_last_edited=&#8221;on|tablet&#8221; transform_origin_tablet=&#8221;&#8221; transform_origin_phone=&#8221;&#8221; transform_origin_last_edited=&#8221;on|tablet&#8221; transform_styles_last_edited=&#8221;on|tablet&#8221; transform_styles_tablet=&#8221;&#8221; transform_styles_phone=&#8221;&#8221; global_colors_info=&#8221;{}&#8221;][et_pb_image src=&#8221;https:\/\/k-plus.pl\/new\/wp-content\/uploads\/2024\/04\/konstruktor_kplus1.jpg&#8221; title_text=&#8221;konstruktor_kplus1&#8243; show_bottom_space=&#8221;off&#8221; _builder_version=&#8221;4.24.3&#8243; _module_preset=&#8221;default&#8221; positioning=&#8221;absolute&#8221; position_origin_a=&#8221;bottom_left&#8221; position_origin_a_tablet=&#8221;&#8221; position_origin_a_phone=&#8221;&#8221; position_origin_a_last_edited=&#8221;on|tablet&#8221; position_origin_f_tablet=&#8221;&#8221; position_origin_f_phone=&#8221;&#8221; position_origin_f_last_edited=&#8221;on|tablet&#8221; position_origin_r_tablet=&#8221;&#8221; position_origin_r_phone=&#8221;&#8221; position_origin_r_last_edited=&#8221;on|tablet&#8221; min_height_last_edited=&#8221;off|tablet&#8221; max_height_tablet=&#8221;400px&#8221; max_height_phone=&#8221;400px&#8221; max_height_last_edited=&#8221;on|phone&#8221; custom_margin=&#8221;|-10vw|||false|false&#8221; custom_margin_tablet=&#8221;|0vw|||false|false&#8221; custom_margin_phone=&#8221;&#8221; custom_margin_last_edited=&#8221;on|tablet&#8221; animation_style=&#8221;fade&#8221; animation_direction=&#8221;bottom&#8221; positioning_tablet=&#8221;none&#8221; positioning_phone=&#8221;&#8221; positioning_last_edited=&#8221;on|tablet&#8221; locked=&#8221;off&#8221; global_colors_info=&#8221;{}&#8221;][\/et_pb_image][\/et_pb_column][\/et_pb_row][\/et_pb_section][et_pb_section fb_built=&#8221;1&#8243; prev_background_color=&#8221;#ffffff&#8221; admin_label=&#8221;Services&#8221; _builder_version=&#8221;4.24.3&#8243; _module_preset=&#8221;default&#8221; use_background_color_gradient=&#8221;on&#8221; background_color_gradient_direction=&#8221;150deg&#8221; background_color_gradient_stops=&#8221;rgba(244,228,203,0.59) 0%|#f6ebdd 100%&#8221; background_color_gradient_start=&#8221;#f5dbba&#8221; background_color_gradient_end=&#8221;#f6ebdd&#8221; custom_margin=&#8221;||||false|false&#8221; custom_padding=&#8221;10vw||||false|false&#8221; top_divider_style=&#8221;arrow&#8221; top_divider_height=&#8221;10vw&#8221; animation_style=&#8221;fade&#8221; global_colors_info=&#8221;{}&#8221;][et_pb_row column_structure=&#8221;1_2,1_2&#8243; _builder_version=&#8221;4.16&#8243; _module_preset=&#8221;default&#8221; global_colors_info=&#8221;{}&#8221;][et_pb_column type=&#8221;1_2&#8243; _builder_version=&#8221;4.16&#8243; _module_preset=&#8221;default&#8221; global_colors_info=&#8221;{}&#8221;][et_pb_blurb title=&#8221;Bran\u017ca konstrukcyjna&#8221; use_icon=&#8221;on&#8221; font_icon=&#8221;&#xe0fd;||divi||400&#8243; icon_color=&#8221;#000000&#8243; image_icon_width=&#8221;48px&#8221; icon_alignment=&#8221;left&#8221; content_max_width=&#8221;100%&#8221; _builder_version=&#8221;4.24.3&#8243; _module_preset=&#8221;a9c19a80-4e24-4315-9a62-909b5d3c40bd&#8221; header_font=&#8221;|700|||||||&#8221; header_font_size=&#8221;16px&#8221; header_line_height=&#8221;1.6em&#8221; body_font_size=&#8221;16px&#8221; body_line_height=&#8221;1.8em&#8221; animation=&#8221;off&#8221; hover_enabled=&#8221;0&#8243; header_font_size_tablet=&#8221;18px&#8221; header_font_size_phone=&#8221;16px&#8221; header_font_size_last_edited=&#8221;off|desktop&#8221; body_font_size_tablet=&#8221;14px&#8221; body_font_size_phone=&#8221;13px&#8221; body_font_size_last_edited=&#8221;on|phone&#8221; global_colors_info=&#8221;{}&#8221; sticky_enabled=&#8221;0&#8243;]<\/p>\n<p style=\"text-align: justify;\">Bran\u017ca konstrukcyjna specjalizuje si\u0119 w projektowaniu, realizacji oraz adaptacji budynk\u00f3w i konstrukcji w szerokim zakresie materia\u0142\u00f3w, od \u017celbetu po drewno. Obejmuje r\u00f3wnie\u017c prace zwi\u0105zane z rozbi\u00f3rkami, przebudowami i rozbudowami, gwarantuj\u0105c bezpiecze\u0144stwo i funkcjonalno\u015b\u0107 infrastruktury. Za spraw\u0105 specjalistycznej wiedzy budowlanej i innowacyjnych technologii, projekty dostosowujemy do oczekiwa\u0144 klient\u00f3w.<\/p>\n<p>[\/et_pb_blurb][\/et_pb_column][et_pb_column type=&#8221;1_2&#8243; _builder_version=&#8221;4.16&#8243; _module_preset=&#8221;default&#8221; global_colors_info=&#8221;{}&#8221;][et_pb_blurb title=&#8221;Bran\u017ca sanitarna&#8221; use_icon=&#8221;on&#8221; font_icon=&#8221;&#xe005;||fa||900&#8243; icon_color=&#8221;#000000&#8243; image_icon_width=&#8221;48px&#8221; icon_alignment=&#8221;left&#8221; content_max_width=&#8221;100%&#8221; _builder_version=&#8221;4.24.3&#8243; _module_preset=&#8221;a9c19a80-4e24-4315-9a62-909b5d3c40bd&#8221; header_font=&#8221;|700|||||||&#8221; header_font_size=&#8221;16px&#8221; header_line_height=&#8221;1.6em&#8221; body_font_size=&#8221;16px&#8221; body_line_height=&#8221;1.8em&#8221; animation=&#8221;off&#8221; body_font_size_tablet=&#8221;14px&#8221; body_font_size_phone=&#8221;13px&#8221; body_font_size_last_edited=&#8221;on|phone&#8221; locked=&#8221;off&#8221; global_colors_info=&#8221;{}&#8221;]<\/p>\n<p style=\"text-align: justify;\"><span>Bran\u017ca sanitarna koncentruje si\u0119 na projektowaniu i nadzorowaniu system\u00f3w wodno-kanalizacyjnych, grzewczych, solarnych, gazowych oraz wentylacyjnych, zar\u00f3wno wewn\u0119trznych, jak i zewn\u0119trznych. Jest kluczowa dla zapewnienia zdrowia publicznego i efektywnego zarz\u0105dzania zasobami naturalnymi poprzez \u015bwiadectwa energetyczne i analizy. Dzia\u0142alno\u015b\u0107 ta wp\u0142ywa na zwi\u0119kszenie komfortu \u017cycia oraz promuje zr\u00f3wnowa\u017cony rozw\u00f3j poprzez innowacyjne rozwi\u0105zania w zarz\u0105dzaniu energi\u0105 i wod\u0105.<\/span><\/p>\n<p>[\/et_pb_blurb][\/et_pb_column][\/et_pb_row][\/et_pb_section][et_pb_section fb_built=&#8221;1&#8243; fullwidth=&#8221;on&#8221; _builder_version=&#8221;4.24.3&#8243; _module_preset=&#8221;default&#8221; global_colors_info=&#8221;{}&#8221;][et_pb_fullwidth_header _builder_version=&#8221;4.24.3&#8243; _module_preset=&#8221;default&#8221; title_font=&#8221;|600|||||||&#8221; title_font_size=&#8221;47px&#8221; background_color=&#8221;RGBA(255,255,255,0)&#8221; background_image=&#8221;https:\/\/k-plus.pl\/new\/wp-content\/uploads\/2024\/10\/tenmikas_A_photograph_of_two_tall_buildings_with_symmetrical_gl_057628b2-635e-46a5-84de-9199c4629c72.png&#8221; global_colors_info=&#8221;{}&#8221;][\/et_pb_fullwidth_header][\/et_pb_section][et_pb_section fb_built=&#8221;1&#8243; admin_label=&#8221;About&#8221; _builder_version=&#8221;4.16&#8243; _module_preset=&#8221;default&#8221; custom_padding=&#8221;||0px|||&#8221; global_colors_info=&#8221;{}&#8221;][et_pb_row _builder_version=&#8221;4.16&#8243; _module_preset=&#8221;default&#8221; global_colors_info=&#8221;{}&#8221;][et_pb_column type=&#8221;4_4&#8243; _builder_version=&#8221;4.16&#8243; _module_preset=&#8221;default&#8221; global_colors_info=&#8221;{}&#8221;][et_pb_text _builder_version=&#8221;4.24.3&#8243; _module_preset=&#8221;7d4a8cbc-5ddd-46c9-be95-23498c921cdd&#8221; header_font_size=&#8221;31px&#8221; header_2_font=&#8221;|500|||||||&#8221; header_2_text_color=&#8221;#000000&#8243; header_2_font_size=&#8221;44px&#8221; header_2_line_height=&#8221;1.1em&#8221; text_orientation=&#8221;right&#8221; hover_enabled=&#8221;0&#8243; header_2_font_size_tablet=&#8221;30px&#8221; header_2_font_size_phone=&#8221;18px&#8221; header_2_font_size_last_edited=&#8221;on|phone&#8221; header_2_line_height_tablet=&#8221;1.3em&#8221; header_2_line_height_phone=&#8221;1.4em&#8221; header_2_line_height_last_edited=&#8221;on|phone&#8221; global_colors_info=&#8221;{}&#8221; sticky_enabled=&#8221;0&#8243;]<\/p>\n<h3 style=\"text-align: left;\">Oferujemy wsp\u00f3\u0142prac\u0119 w zakresie:<\/h3>\n<p>[\/et_pb_text][\/et_pb_column][\/et_pb_row][et_pb_row _builder_version=&#8221;4.16&#8243; _module_preset=&#8221;default&#8221; custom_padding=&#8221;0px|||||&#8221; global_colors_info=&#8221;{}&#8221;][et_pb_column type=&#8221;4_4&#8243; _builder_version=&#8221;4.16&#8243; _module_preset=&#8221;default&#8221; global_colors_info=&#8221;{}&#8221;][et_pb_text _builder_version=&#8221;4.24.3&#8243; _module_preset=&#8221;default&#8221; text_font=&#8221;||||||||&#8221; text_font_size=&#8221;16px&#8221; text_line_height=&#8221;1.8em&#8221; text_orientation=&#8221;right&#8221; hover_enabled=&#8221;0&#8243; text_font_size_tablet=&#8221;14px&#8221; text_font_size_phone=&#8221;13px&#8221; text_font_size_last_edited=&#8221;on|tablet&#8221; global_colors_info=&#8221;{}&#8221; sticky_enabled=&#8221;0&#8243;]<\/p>\n<ul>\n<li style=\"text-align: justify;\">Projektowanie Konstrukcji Budowlanych (projekty budowlane, projekty wykonawcze, projekty<br \/>warsztatowe konstrukcji stalowych w technologii 3D)<\/li>\n<li style=\"text-align: justify;\">Zamiana konstrukcji monolitycznej na prefabrykowan\u0105<\/li>\n<li style=\"text-align: justify;\">Ekspertyzy Techniczne, Opinie Techniczne<\/li>\n<li style=\"text-align: justify;\">Projektowanie Schron\u00f3w przy konsultacji z ekspertami oraz zastosowaniem<br \/>odpowiednich instalacji wentylacyjnych i wykonawstwem,<\/li>\n<li style=\"text-align: justify;\">Doradztwo Techniczne, wizje lokalne na budowie<\/li>\n<li style=\"text-align: justify;\">Weryfikacja Projekt\u00f3w Konstrukcyjnych<\/li>\n<li style=\"text-align: justify;\">Inwentaryzacje i Okresowe Przegl\u0105dy Techniczne Budynk\u00f3w<\/li>\n<li style=\"text-align: justify;\">Wykonywanie odkrywek mechanicznych wraz z napraw\u0105 (skucie betonu w celu<br \/>zmierzenia \u015brednicy pr\u0119ta)<\/li>\n<li style=\"text-align: justify;\">Zak\u0142adanie wska\u017anik\u00f3w rys (szczelinomierze) wraz z opini\u0105 techniczn\u0105<\/li>\n<li style=\"text-align: justify;\">Badanie klasy betonu (m\u0142otek Schmidta, betonoskop ultradzwi\u0119kowy) + raport<\/li>\n<li style=\"text-align: justify;\">Przewierty w stropach i \u015bcianach \u017celbetowych: wiertnice o r\u00f3\u017cnej \u015brednicy<\/li>\n<\/ul>\n<p>[\/et_pb_text][\/et_pb_column][\/et_pb_row][\/et_pb_section][et_pb_section fb_built=&#8221;1&#8243; admin_label=&#8221;Footer&#8221; _builder_version=&#8221;4.16&#8243; _module_preset=&#8221;default&#8221; background_color=&#8221;#000000&#8243; background_image=&#8221;https:\/\/k-plus.pl\/new\/wp-content\/uploads\/2024\/04\/engineering-firm-52.png&#8221; background_size=&#8221;initial&#8221; custom_padding=&#8221;3px|||||&#8221; global_module=&#8221;94&#8243; saved_tabs=&#8221;all&#8221; global_colors_info=&#8221;{}&#8221;][et_pb_row column_structure=&#8221;1_4,1_4,1_4,1_4&#8243; _builder_version=&#8221;4.24.3&#8243; _module_preset=&#8221;default&#8221; custom_padding=&#8221;|0px||||&#8221; global_colors_info=&#8221;{}&#8221;][et_pb_column type=&#8221;1_4&#8243; _builder_version=&#8221;4.16&#8243; _module_preset=&#8221;default&#8221; global_colors_info=&#8221;{}&#8221;][et_pb_text _builder_version=&#8221;4.24.3&#8243; _module_preset=&#8221;default&#8221; text_text_color=&#8221;rgba(239,239,239,0.97)&#8221; text_font_size=&#8221;16px&#8221; custom_margin=&#8221;64px||||false|false&#8221; global_colors_info=&#8221;{}&#8221;]<\/p>\n<p style=\"text-align: center;\"><strong>K-PLUS<\/strong>\u00a0Biuro Projektowe<\/p>\n<p style=\"text-align: center;\">ul. Wielostronna 39<br \/>04-856 Warszawa<\/p>\n<p>[\/et_pb_text][\/et_pb_column][et_pb_column type=&#8221;1_4&#8243; _builder_version=&#8221;4.16&#8243; _module_preset=&#8221;default&#8221; global_colors_info=&#8221;{}&#8221;][et_pb_text _builder_version=&#8221;4.24.3&#8243; _module_preset=&#8221;default&#8221; text_text_color=&#8221;rgba(239,239,239,0.97)&#8221; custom_margin=&#8221;50px||||false|false&#8221; global_colors_info=&#8221;{}&#8221;]<\/p>\n<p style=\"text-align: center;\"><strong>Bran\u017ca konstrukcyjna<\/strong><br \/>___________________________<br \/><span>mgr in\u017c. Tomasz Osiniak<\/span><br \/><span>tel. 535-555-966<\/span><br \/><span>e-mail: kontakt@k-plus.pl<\/span><\/p>\n<p>[\/et_pb_text][\/et_pb_column][et_pb_column type=&#8221;1_4&#8243; _builder_version=&#8221;4.16&#8243; _module_preset=&#8221;default&#8221; global_colors_info=&#8221;{}&#8221;][et_pb_text _builder_version=&#8221;4.24.3&#8243; _module_preset=&#8221;default&#8221; text_text_color=&#8221;rgba(239,239,239,0.97)&#8221; custom_margin=&#8221;50px|||-9px|false|false&#8221; global_colors_info=&#8221;{}&#8221;]<\/p>\n<p style=\"text-align: center;\"><strong>Bran\u017ca sanitarna<br \/><\/strong>____________________________<br \/><span>mgr in\u017c. Jacek Osiniak<\/span><br \/><span>tel. 507-019-311<\/span><br \/><span>e-mail: jacek_osiniak@o2.pl<\/span><\/p>\n<p>[\/et_pb_text][\/et_pb_column][et_pb_column type=&#8221;1_4&#8243; _builder_version=&#8221;4.16&#8243; _module_preset=&#8221;default&#8221; global_colors_info=&#8221;{}&#8221;][et_pb_text _builder_version=&#8221;4.24.3&#8243; _module_preset=&#8221;default&#8221; text_text_color=&#8221;rgba(239,239,239,0.97)&#8221; custom_margin=&#8221;50px|||-18px|false|false&#8221; global_colors_info=&#8221;{}&#8221;]<\/p>\n<p style=\"text-align: center;\"><strong>Project Coordinator<br \/><\/strong>___________________________<br \/><span>in\u017c. Barry Mulkerns<\/span><br \/><span>tel. 798-620-671<\/span><br \/><span>e-mail: barry.mulkerns@gmail.com<\/span><\/p>\n<p>[\/et_pb_text][\/et_pb_column][\/et_pb_row][\/et_pb_section]<\/p>\n","protected":false},"excerpt":{"rendered":"<p>K-PLUS &#8211; Biuro ProjektowePasja i do\u015bwiadczenie to gwarancja sukcesu.Od lat zajmujemy si\u0119 projektowaniem konstrukcji oraz instalacji budynk\u00f3w i budowli in\u017cynierskich ro\u017cnej wielko\u015bci i funkcji. Nale\u017c\u0105 do nich zar\u00f3wno konstrukcje \u017celbetowe, stalowe, drewniane, jak r\u00f3wnie\u017c tradycyjne murowane. Wykonujemy projekty budowlane i wykonawcze dom\u00f3w mieszkalnych indywidualnych oraz typowych, budynk\u00f3w wielorodzinnych i u\u017cyteczno\u015bci publicznej, hal przemys\u0142owych oraz konstrukcji [&hellip;]<\/p>\n","protected":false},"author":1,"featured_media":0,"parent":0,"menu_order":0,"comment_status":"closed","ping_status":"closed","template":"","meta":{"_et_pb_use_builder":"on","_et_pb_old_content":"","_et_gb_content_width":"","inline_featured_image":false,"footnotes":""},"class_list":["post-10","page","type-page","status-publish","hentry"],"_links":{"self":[{"href":"https:\/\/k-plus.pl\/new\/wp-json\/wp\/v2\/pages\/10","targetHints":{"allow":["GET"]}}],"collection":[{"href":"https:\/\/k-plus.pl\/new\/wp-json\/wp\/v2\/pages"}],"about":[{"href":"https:\/\/k-plus.pl\/new\/wp-json\/wp\/v2\/types\/page"}],"author":[{"embeddable":true,"href":"https:\/\/k-plus.pl\/new\/wp-json\/wp\/v2\/users\/1"}],"replies":[{"embeddable":true,"href":"https:\/\/k-plus.pl\/new\/wp-json\/wp\/v2\/comments?post=10"}],"version-history":[{"count":0,"href":"https:\/\/k-plus.pl\/new\/wp-json\/wp\/v2\/pages\/10\/revisions"}],"wp:attachment":[{"href":"https:\/\/k-plus.pl\/new\/wp-json\/wp\/v2\/media?parent=10"}],"curies":[{"name":"wp","href":"https:\/\/api.w.org\/{rel}","templated":true}]}}