{"id":163,"date":"2024-10-26T19:26:56","date_gmt":"2024-10-26T17:26:56","guid":{"rendered":"https:\/\/k-plus.pl\/new\/?page_id=163"},"modified":"2026-02-20T15:50:49","modified_gmt":"2026-02-20T14:50:49","slug":"kontakt","status":"publish","type":"page","link":"https:\/\/k-plus.pl\/new\/kontakt\/","title":{"rendered":"Kontakt"},"content":{"rendered":"<p>[et_pb_section fb_built=&#8221;1&#8243; fullwidth=&#8221;on&#8221; _builder_version=&#8221;4.24.3&#8243; _module_preset=&#8221;default&#8221; global_colors_info=&#8221;{}&#8221;][et_pb_fullwidth_header title=&#8221;Kontakt&#8221; _builder_version=&#8221;4.24.3&#8243; _module_preset=&#8221;default&#8221; title_font=&#8221;|700|||||||&#8221; title_text_align=&#8221;left&#8221; title_text_color=&#8221;#000000&#8243; title_font_size=&#8221;28px&#8221; title_letter_spacing=&#8221;2px&#8221; use_background_color_gradient=&#8221;on&#8221; background_color_gradient_direction=&#8221;140deg&#8221; background_color_gradient_stops=&#8221;#ffdcd5 0%|#85c3e0 60%&#8221; background_color_gradient_start=&#8221;#ffdcd5&#8243; background_color_gradient_end=&#8221;#85c3e0&#8243; background_color_gradient_end_position=&#8221;60%&#8221; hover_enabled=&#8221;0&#8243; global_colors_info=&#8221;{}&#8221; sticky_enabled=&#8221;0&#8243;][\/et_pb_fullwidth_header][\/et_pb_section][et_pb_section fb_built=&#8221;1&#8243; disabled_on=&#8221;off|off|on&#8221; admin_label=&#8221;Testimonials&#8221; _builder_version=&#8221;4.24.3&#8243; _module_preset=&#8221;default&#8221; custom_padding=&#8221;1px||36px|||&#8221; global_colors_info=&#8221;{}&#8221;][et_pb_row column_structure=&#8221;1_4,1_4,1_4,1_4&#8243; _builder_version=&#8221;4.24.3&#8243; _module_preset=&#8221;default&#8221; global_colors_info=&#8221;{}&#8221;][et_pb_column type=&#8221;1_4&#8243; _builder_version=&#8221;4.24.3&#8243; _module_preset=&#8221;default&#8221; animation_style=&#8221;fade&#8221; global_colors_info=&#8221;{}&#8221;][et_pb_team_member name=&#8221;mgr in\u017c. Tomasz Osiniak&#8221; position=&#8221;Konstruktor&#8221; image_url=&#8221;https:\/\/k-plus.pl\/new\/wp-content\/uploads\/2024\/05\/tomek.jpg&#8221; _builder_version=&#8221;4.24.3&#8243; _module_preset=&#8221;default&#8221; text_orientation=&#8221;center&#8221; border_radii_image=&#8221;on|50px|50px|50px|50px&#8221; global_colors_info=&#8221;{}&#8221;]<\/p>\n<p>+48 535 555 966<br \/>tomosiniak@gmail.com<\/p>\n<p>[\/et_pb_team_member][\/et_pb_column][et_pb_column type=&#8221;1_4&#8243; _builder_version=&#8221;4.24.3&#8243; _module_preset=&#8221;default&#8221; animation_style=&#8221;fade&#8221; global_colors_info=&#8221;{}&#8221;][et_pb_team_member name=&#8221;mgr in\u017c. Seweryn R\u00f3\u017ca\u0144ski&#8221; position=&#8221;Konstruktor&#8221; image_url=&#8221;https:\/\/k-plus.pl\/new\/wp-content\/uploads\/2024\/05\/seweryn2.jpg&#8221; _builder_version=&#8221;4.24.3&#8243; _module_preset=&#8221;default&#8221; text_orientation=&#8221;center&#8221; border_radii_image=&#8221;on|50px|50px|50px|50px&#8221; global_colors_info=&#8221;{}&#8221;]<\/p>\n<p>+48 888810596<br \/>sewerynrozanski@gmail.com<\/p>\n<p>[\/et_pb_team_member][\/et_pb_column][et_pb_column type=&#8221;1_4&#8243; _builder_version=&#8221;4.24.3&#8243; _module_preset=&#8221;default&#8221; animation_style=&#8221;fade&#8221; global_colors_info=&#8221;{}&#8221;][et_pb_team_member name=&#8221;in\u017c. Barry Mulkerns&#8221; position=&#8221;Projekt koordynator&#8221; image_url=&#8221;https:\/\/k-plus.pl\/new\/wp-content\/uploads\/2024\/08\/barry2.jpg&#8221; _builder_version=&#8221;4.24.3&#8243; _module_preset=&#8221;default&#8221; text_orientation=&#8221;center&#8221; border_radii_image=&#8221;on|50px|50px|50px|50px&#8221; global_colors_info=&#8221;{}&#8221;]<\/p>\n<p>+48 798 620 671<br \/>barry.mulkerns@gmail.com<\/p>\n<p>[\/et_pb_team_member][\/et_pb_column][et_pb_column type=&#8221;1_4&#8243; _builder_version=&#8221;4.24.3&#8243; _module_preset=&#8221;default&#8221; animation_style=&#8221;fade&#8221; global_colors_info=&#8221;{}&#8221;][et_pb_text _builder_version=&#8221;4.24.3&#8243; _module_preset=&#8221;default&#8221; module_alignment=&#8221;center&#8221; custom_margin=&#8221;66px||||false|false&#8221; global_colors_info=&#8221;{}&#8221;]<\/p>\n<h3 style=\"text-align: center;\"><strong>K-Plus<\/strong><\/h3>\n<p style=\"text-align: center;\">Wielostronna 39<br \/>04-856 Warszawa<br \/>kontakt@k-plus.pl<\/p>\n<p>[\/et_pb_text][\/et_pb_column][\/et_pb_row][\/et_pb_section][et_pb_section fb_built=&#8221;1&#8243; disabled_on=&#8221;on|on|off&#8221; admin_label=&#8221;Testimonials&#8221; _builder_version=&#8221;4.24.3&#8243; _module_preset=&#8221;default&#8221; custom_padding=&#8221;1px||132px|||&#8221; global_colors_info=&#8221;{}&#8221;][et_pb_row column_structure=&#8221;1_4,1_4,1_4,1_4&#8243; _builder_version=&#8221;4.24.3&#8243; _module_preset=&#8221;default&#8221; custom_padding=&#8221;174px||263px|||&#8221; global_colors_info=&#8221;{}&#8221;][et_pb_column type=&#8221;1_4&#8243; _builder_version=&#8221;4.24.3&#8243; _module_preset=&#8221;default&#8221; animation_style=&#8221;fade&#8221; global_colors_info=&#8221;{}&#8221;][et_pb_team_member name=&#8221;mgr in\u017c. Tomasz Osiniak&#8221; position=&#8221;Konstruktor&#8221; image_url=&#8221;https:\/\/k-plus.pl\/new\/wp-content\/uploads\/2024\/05\/tomek.jpg&#8221; _builder_version=&#8221;4.24.3&#8243; _module_preset=&#8221;default&#8221; text_orientation=&#8221;center&#8221; border_radii_image=&#8221;on|50px|50px|50px|50px&#8221; global_colors_info=&#8221;{}&#8221;]<\/p>\n<p>+48 535 555 966<br \/>tomosiniak@gmail.com<\/p>\n<p>[\/et_pb_team_member][\/et_pb_column][et_pb_column type=&#8221;1_4&#8243; _builder_version=&#8221;4.24.3&#8243; _module_preset=&#8221;default&#8221; animation_style=&#8221;fade&#8221; global_colors_info=&#8221;{}&#8221;][et_pb_team_member name=&#8221;mgr in\u017c. Seweryn R\u00f3\u017ca\u0144ski&#8221; position=&#8221;Konstruktor&#8221; image_url=&#8221;https:\/\/k-plus.pl\/new\/wp-content\/uploads\/2024\/05\/seweryn2.jpg&#8221; _builder_version=&#8221;4.24.3&#8243; _module_preset=&#8221;default&#8221; text_orientation=&#8221;center&#8221; border_radii_image=&#8221;on|50px|50px|50px|50px&#8221; global_colors_info=&#8221;{}&#8221;]<\/p>\n<p>+48 888810596<br \/>sewerynrozanski@gmail.com<\/p>\n<p>[\/et_pb_team_member][\/et_pb_column][et_pb_column type=&#8221;1_4&#8243; _builder_version=&#8221;4.24.3&#8243; _module_preset=&#8221;default&#8221; animation_style=&#8221;fade&#8221; global_colors_info=&#8221;{}&#8221;][et_pb_team_member name=&#8221;in\u017c. Barry Mulkerns&#8221; position=&#8221;Projekt koordynator&#8221; image_url=&#8221;https:\/\/k-plus.pl\/new\/wp-content\/uploads\/2024\/08\/barry2.jpg&#8221; _builder_version=&#8221;4.24.3&#8243; _module_preset=&#8221;default&#8221; text_orientation=&#8221;center&#8221; border_radii_image=&#8221;on|50px|50px|50px|50px&#8221; global_colors_info=&#8221;{}&#8221;]<\/p>\n<p>+48 798 620 671<br \/>barry.mulkerns@gmail.com<\/p>\n<p>[\/et_pb_team_member][\/et_pb_column][et_pb_column type=&#8221;1_4&#8243; _builder_version=&#8221;4.24.3&#8243; _module_preset=&#8221;default&#8221; animation_style=&#8221;fade&#8221; global_colors_info=&#8221;{}&#8221;][et_pb_text _builder_version=&#8221;4.24.3&#8243; _module_preset=&#8221;default&#8221; module_alignment=&#8221;center&#8221; custom_margin=&#8221;66px||||false|false&#8221; global_colors_info=&#8221;{}&#8221;]<\/p>\n<h3 style=\"text-align: center;\"><strong>K-Plus<\/strong><\/h3>\n<p style=\"text-align: center;\">Wielostronna 39<br \/>04-856 Warszawa<br \/>kontakt@k-plus.pl<\/p>\n<p>[\/et_pb_text][\/et_pb_column][\/et_pb_row][et_pb_row _builder_version=&#8221;4.24.3&#8243; _module_preset=&#8221;default&#8221; global_colors_info=&#8221;{}&#8221;][et_pb_column type=&#8221;4_4&#8243; _builder_version=&#8221;4.24.3&#8243; _module_preset=&#8221;default&#8221; global_colors_info=&#8221;{}&#8221;][\/et_pb_column][\/et_pb_row][\/et_pb_section]<\/p>\n","protected":false},"excerpt":{"rendered":"<p>+48 535 555 966tomosiniak@gmail.com+48 888810596sewerynrozanski@gmail.com+48 798 620 671barry.mulkerns@gmail.comK-Plus Wielostronna 3904-856 Warszawakontakt@k-plus.pl+48 535 555 966tomosiniak@gmail.com+48 888810596sewerynrozanski@gmail.com+48 798 620 671barry.mulkerns@gmail.comK-Plus Wielostronna 3904-856 Warszawakontakt@k-plus.pl<\/p>\n","protected":false},"author":1,"featured_media":0,"parent":0,"menu_order":0,"comment_status":"closed","ping_status":"closed","template":"","meta":{"_et_pb_use_builder":"on","_et_pb_old_content":"","_et_gb_content_width":"","inline_featured_image":false,"footnotes":""},"class_list":["post-163","page","type-page","status-publish","hentry"],"_links":{"self":[{"href":"https:\/\/k-plus.pl\/new\/wp-json\/wp\/v2\/pages\/163","targetHints":{"allow":["GET"]}}],"collection":[{"href":"https:\/\/k-plus.pl\/new\/wp-json\/wp\/v2\/pages"}],"about":[{"href":"https:\/\/k-plus.pl\/new\/wp-json\/wp\/v2\/types\/page"}],"author":[{"embeddable":true,"href":"https:\/\/k-plus.pl\/new\/wp-json\/wp\/v2\/users\/1"}],"replies":[{"embeddable":true,"href":"https:\/\/k-plus.pl\/new\/wp-json\/wp\/v2\/comments?post=163"}],"version-history":[{"count":0,"href":"https:\/\/k-plus.pl\/new\/wp-json\/wp\/v2\/pages\/163\/revisions"}],"wp:attachment":[{"href":"https:\/\/k-plus.pl\/new\/wp-json\/wp\/v2\/media?parent=163"}],"curies":[{"name":"wp","href":"https:\/\/api.w.org\/{rel}","templated":true}]}}