{"id":88,"date":"2024-05-06T14:21:08","date_gmt":"2024-05-06T12:21:08","guid":{"rendered":"https:\/\/k-plus.pl\/new\/?page_id=88"},"modified":"2026-02-20T15:45:43","modified_gmt":"2026-02-20T14:45:43","slug":"realizacje","status":"publish","type":"page","link":"https:\/\/k-plus.pl\/new\/realizacje\/","title":{"rendered":"Realizacje"},"content":{"rendered":"<p>[et_pb_section fb_built=&#8221;1&#8243; fullwidth=&#8221;on&#8221; _builder_version=&#8221;4.24.3&#8243; _module_preset=&#8221;default&#8221; global_colors_info=&#8221;{}&#8221;][et_pb_fullwidth_header title=&#8221;Realizacje&#8221; _builder_version=&#8221;4.24.3&#8243; _module_preset=&#8221;default&#8221; title_font=&#8221;|700|||||||&#8221; title_text_align=&#8221;left&#8221; title_text_color=&#8221;#2d2d2d&#8221; title_font_size=&#8221;27px&#8221; title_letter_spacing=&#8221;1px&#8221; use_background_color_gradient=&#8221;on&#8221; background_color_gradient_direction=&#8221;140deg&#8221; background_color_gradient_stops=&#8221;#ffdcd5 0%|#85c3e0 60%&#8221; background_color_gradient_start=&#8221;#ffdcd5&#8243; background_color_gradient_end=&#8221;#85c3e0&#8243; background_color_gradient_end_position=&#8221;60%&#8221; hover_enabled=&#8221;0&#8243; global_colors_info=&#8221;{}&#8221; sticky_enabled=&#8221;0&#8243;][\/et_pb_fullwidth_header][\/et_pb_section][et_pb_section fb_built=&#8221;1&#8243; admin_label=&#8221;Projects&#8221; _builder_version=&#8221;4.24.3&#8243; _module_preset=&#8221;default&#8221; background_color=&#8221;#FFFFFF&#8221; global_colors_info=&#8221;{}&#8221;][et_pb_row column_structure=&#8221;1_3,1_3,1_3&#8243; _builder_version=&#8221;4.16&#8243; _module_preset=&#8221;default&#8221; locked=&#8221;off&#8221; global_colors_info=&#8221;{}&#8221;][et_pb_column type=&#8221;1_3&#8243; _builder_version=&#8221;4.16&#8243; _module_preset=&#8221;default&#8221; global_colors_info=&#8221;{}&#8221;][et_pb_image src=&#8221;https:\/\/k-plus.pl\/new\/wp-content\/uploads\/2024\/05\/14.jpg&#8221; title_text=&#8221;14&#8243; url=&#8221;#&#8221; _builder_version=&#8221;4.24.3&#8243; _module_preset=&#8221;default&#8221; custom_margin=&#8221;60px||||false|false&#8221; box_shadow_style=&#8221;preset3&#8243; box_shadow_vertical=&#8221;72px&#8221; box_shadow_blur=&#8221;64px&#8221; box_shadow_spread=&#8221;-16px&#8221; box_shadow_color=&#8221;rgba(0,0,0,0)&#8221; global_colors_info=&#8221;{}&#8221; box_shadow_color__hover=&#8221;rgba(0,0,0,0.4)&#8221; box_shadow_color__hover_enabled=&#8221;on|desktop&#8221;][\/et_pb_image][et_pb_text _builder_version=&#8221;4.24.3&#8243; _module_preset=&#8221;e38091b3-594f-44c4-a496-057b6952fce8&#8243; header_3_font=&#8221;Trirong|500|||||||&#8221; header_3_text_color=&#8221;#000000&#8243; header_3_font_size_tablet=&#8221;18px&#8221; header_3_font_size_phone=&#8221;16px&#8221; header_3_font_size_last_edited=&#8221;on|desktop&#8221; locked=&#8221;off&#8221; global_colors_info=&#8221;{}&#8221;]<\/p>\n<h3>Hala INOX<\/h3>\n<p>Gmina Czarna, PL<\/p>\n<p>&nbsp;<\/p>\n<p>[\/et_pb_text][et_pb_image src=&#8221;https:\/\/k-plus.pl\/new\/wp-content\/uploads\/2024\/08\/DSC02522-w855h425.jpg&#8221; title_text=&#8221;DSC02522-w855h425&#8243; url=&#8221;#&#8221; _builder_version=&#8221;4.24.3&#8243; _module_preset=&#8221;default&#8221; custom_margin=&#8221;31px||||false|false&#8221; box_shadow_style=&#8221;preset3&#8243; box_shadow_vertical=&#8221;72px&#8221; box_shadow_blur=&#8221;64px&#8221; box_shadow_spread=&#8221;-16px&#8221; box_shadow_color=&#8221;rgba(0,0,0,0)&#8221; global_colors_info=&#8221;{}&#8221; box_shadow_color__hover=&#8221;rgba(0,0,0,0.4)&#8221; box_shadow_color__hover_enabled=&#8221;on|desktop&#8221;][\/et_pb_image][et_pb_text _builder_version=&#8221;4.24.3&#8243; _module_preset=&#8221;e38091b3-594f-44c4-a496-057b6952fce8&#8243; header_3_font=&#8221;Trirong|500|||||||&#8221; header_3_text_color=&#8221;#000000&#8243; header_3_font_size_tablet=&#8221;18px&#8221; header_3_font_size_phone=&#8221;16px&#8221; header_3_font_size_last_edited=&#8221;on|desktop&#8221; locked=&#8221;off&#8221; global_colors_info=&#8221;{}&#8221;]<\/p>\n<h3>Fabryka przetwornik\u00f3w ci\u015bnienia<\/h3>\n<p>Radom, PL<\/p>\n<p>&nbsp;<\/p>\n<p>[\/et_pb_text][\/et_pb_column][et_pb_column type=&#8221;1_3&#8243; _builder_version=&#8221;4.16&#8243; _module_preset=&#8221;default&#8221; global_colors_info=&#8221;{}&#8221;][et_pb_image src=&#8221;https:\/\/k-plus.pl\/new\/wp-content\/uploads\/2024\/05\/13.jpg&#8221; title_text=&#8221;13&#8243; url=&#8221;#&#8221; _builder_version=&#8221;4.24.3&#8243; _module_preset=&#8221;default&#8221; box_shadow_style=&#8221;preset3&#8243; box_shadow_vertical=&#8221;72px&#8221; box_shadow_blur=&#8221;64px&#8221; box_shadow_spread=&#8221;-16px&#8221; box_shadow_color=&#8221;rgba(0,0,0,0)&#8221; global_colors_info=&#8221;{}&#8221; box_shadow_color__hover=&#8221;rgba(0,0,0,0.4)&#8221; box_shadow_color__hover_enabled=&#8221;on|hover&#8221;][\/et_pb_image][et_pb_text _builder_version=&#8221;4.24.3&#8243; _module_preset=&#8221;e38091b3-594f-44c4-a496-057b6952fce8&#8243; header_3_font=&#8221;Trirong|500|||||||&#8221; header_3_text_color=&#8221;#000000&#8243; header_3_font_size_tablet=&#8221;18px&#8221; header_3_font_size_phone=&#8221;16px&#8221; header_3_font_size_last_edited=&#8221;on|desktop&#8221; locked=&#8221;off&#8221; global_colors_info=&#8221;{}&#8221;]<\/p>\n<h3>Hala MONAVI<\/h3>\n<p>Gmina Czarna, PL<\/p>\n<p>[\/et_pb_text][et_pb_image src=&#8221;https:\/\/k-plus.pl\/new\/wp-content\/uploads\/2024\/08\/aigueblanche1.jpg&#8221; title_text=&#8221;aigueblanche1&#8243; url=&#8221;#&#8221; _builder_version=&#8221;4.24.3&#8243; _module_preset=&#8221;default&#8221; custom_margin=&#8221;31px||||false|false&#8221; box_shadow_style=&#8221;preset3&#8243; box_shadow_vertical=&#8221;72px&#8221; box_shadow_blur=&#8221;64px&#8221; box_shadow_spread=&#8221;-16px&#8221; box_shadow_color=&#8221;rgba(0,0,0,0)&#8221; global_colors_info=&#8221;{}&#8221; box_shadow_color__hover=&#8221;rgba(0,0,0,0.4)&#8221; box_shadow_color__hover_enabled=&#8221;on|desktop&#8221;][\/et_pb_image][et_pb_text _builder_version=&#8221;4.24.3&#8243; _module_preset=&#8221;e38091b3-594f-44c4-a496-057b6952fce8&#8243; header_3_font=&#8221;Trirong|500|||||||&#8221; header_3_text_color=&#8221;#000000&#8243; header_3_font_size_tablet=&#8221;18px&#8221; header_3_font_size_phone=&#8221;16px&#8221; header_3_font_size_last_edited=&#8221;on|desktop&#8221; locked=&#8221;off&#8221; global_colors_info=&#8221;{}&#8221;]<\/p>\n<h3>Budynek wielorodzinny<\/h3>\n<p>Aigueblanche, FR<\/p>\n<p>&nbsp;<\/p>\n<p>[\/et_pb_text][et_pb_image src=&#8221;https:\/\/k-plus.pl\/new\/wp-content\/uploads\/2024\/08\/Mod3-1024&#215;411.jpg&#8221; title_text=&#8221;Mod3&#8243; url=&#8221;#&#8221; _builder_version=&#8221;4.24.3&#8243; _module_preset=&#8221;default&#8221; custom_margin=&#8221;31px||||false|false&#8221; box_shadow_style=&#8221;preset3&#8243; box_shadow_vertical=&#8221;72px&#8221; box_shadow_blur=&#8221;64px&#8221; box_shadow_spread=&#8221;-16px&#8221; box_shadow_color=&#8221;rgba(0,0,0,0)&#8221; global_colors_info=&#8221;{}&#8221; box_shadow_color__hover=&#8221;rgba(0,0,0,0.4)&#8221; box_shadow_color__hover_enabled=&#8221;on|desktop&#8221;][\/et_pb_image][et_pb_text _builder_version=&#8221;4.24.3&#8243; _module_preset=&#8221;e38091b3-594f-44c4-a496-057b6952fce8&#8243; header_3_font=&#8221;Trirong|500|||||||&#8221; header_3_text_color=&#8221;#000000&#8243; header_3_font_size_tablet=&#8221;18px&#8221; header_3_font_size_phone=&#8221;16px&#8221; header_3_font_size_last_edited=&#8221;on|desktop&#8221; locked=&#8221;off&#8221; global_colors_info=&#8221;{}&#8221;]<\/p>\n<h3>Zak\u0142ad Us\u0142ugowo-badawczy<\/h3>\n<p>Modlnica, PL<\/p>\n<p>&nbsp;<\/p>\n<p>[\/et_pb_text][\/et_pb_column][et_pb_column type=&#8221;1_3&#8243; _builder_version=&#8221;4.16&#8243; _module_preset=&#8221;default&#8221; global_colors_info=&#8221;{}&#8221;][et_pb_image src=&#8221;https:\/\/k-plus.pl\/new\/wp-content\/uploads\/2024\/08\/softman1.jpg&#8221; title_text=&#8221;softman1&#8243; url=&#8221;#&#8221; _builder_version=&#8221;4.24.3&#8243; _module_preset=&#8221;default&#8221; custom_margin=&#8221;31px||||false|false&#8221; box_shadow_style=&#8221;preset3&#8243; box_shadow_vertical=&#8221;72px&#8221; box_shadow_blur=&#8221;64px&#8221; box_shadow_spread=&#8221;-16px&#8221; box_shadow_color=&#8221;rgba(0,0,0,0)&#8221; global_colors_info=&#8221;{}&#8221; box_shadow_color__hover=&#8221;rgba(0,0,0,0.4)&#8221; box_shadow_color__hover_enabled=&#8221;on|desktop&#8221;][\/et_pb_image][et_pb_text _builder_version=&#8221;4.24.3&#8243; _module_preset=&#8221;e38091b3-594f-44c4-a496-057b6952fce8&#8243; header_3_font=&#8221;Trirong|500|||||||&#8221; header_3_text_color=&#8221;#000000&#8243; header_3_font_size_tablet=&#8221;18px&#8221; header_3_font_size_phone=&#8221;16px&#8221; header_3_font_size_last_edited=&#8221;on|desktop&#8221; locked=&#8221;off&#8221; global_colors_info=&#8221;{}&#8221;]<\/p>\n<h3>Siedziba firmy Softman S.A<\/h3>\n<p>Piaseczno, PL<\/p>\n<p>&nbsp;<\/p>\n<p>[\/et_pb_text][et_pb_image src=&#8221;https:\/\/k-plus.pl\/new\/wp-content\/uploads\/2024\/08\/dzienna-1-w855h425.jpg&#8221; title_text=&#8221;dzienna-1-w855h425&#8243; url=&#8221;#&#8221; _builder_version=&#8221;4.24.3&#8243; _module_preset=&#8221;default&#8221; custom_margin=&#8221;31px||||false|false&#8221; box_shadow_style=&#8221;preset3&#8243; box_shadow_vertical=&#8221;72px&#8221; box_shadow_blur=&#8221;64px&#8221; box_shadow_spread=&#8221;-16px&#8221; box_shadow_color=&#8221;rgba(0,0,0,0)&#8221; global_colors_info=&#8221;{}&#8221; box_shadow_color__hover=&#8221;rgba(0,0,0,0.4)&#8221; box_shadow_color__hover_enabled=&#8221;on|desktop&#8221;][\/et_pb_image][et_pb_text _builder_version=&#8221;4.24.3&#8243; _module_preset=&#8221;e38091b3-594f-44c4-a496-057b6952fce8&#8243; header_3_font=&#8221;Trirong|500|||||||&#8221; header_3_text_color=&#8221;#000000&#8243; header_3_font_size_tablet=&#8221;18px&#8221; header_3_font_size_phone=&#8221;16px&#8221; header_3_font_size_last_edited=&#8221;on|desktop&#8221; locked=&#8221;off&#8221; global_colors_info=&#8221;{}&#8221;]<\/p>\n<h3>Budynki wielorodzinne<\/h3>\n<p>Rzesz\u00f3w, PL<\/p>\n<p>&nbsp;<\/p>\n<p>[\/et_pb_text][\/et_pb_column][\/et_pb_row][\/et_pb_section][et_pb_section fb_built=&#8221;1&#8243; admin_label=&#8221;Footer&#8221; _builder_version=&#8221;4.16&#8243; _module_preset=&#8221;default&#8221; background_color=&#8221;#000000&#8243; background_image=&#8221;https:\/\/k-plus.pl\/new\/wp-content\/uploads\/2024\/04\/engineering-firm-52.png&#8221; background_size=&#8221;initial&#8221; custom_padding=&#8221;3px|||||&#8221; global_module=&#8221;94&#8243; saved_tabs=&#8221;all&#8221; global_colors_info=&#8221;{}&#8221;][et_pb_row column_structure=&#8221;1_4,1_4,1_4,1_4&#8243; _builder_version=&#8221;4.24.3&#8243; _module_preset=&#8221;default&#8221; custom_padding=&#8221;|0px||||&#8221; global_colors_info=&#8221;{}&#8221;][et_pb_column type=&#8221;1_4&#8243; _builder_version=&#8221;4.16&#8243; _module_preset=&#8221;default&#8221; global_colors_info=&#8221;{}&#8221;][et_pb_text _builder_version=&#8221;4.24.3&#8243; _module_preset=&#8221;default&#8221; text_text_color=&#8221;rgba(239,239,239,0.97)&#8221; text_font_size=&#8221;16px&#8221; custom_margin=&#8221;64px||||false|false&#8221; global_colors_info=&#8221;{}&#8221;]<\/p>\n<p style=\"text-align: center;\"><strong>K-PLUS<\/strong>\u00a0Biuro Projektowe<\/p>\n<p style=\"text-align: center;\">ul. Wielostronna 39<br \/>04-856 Warszawa<\/p>\n<p>[\/et_pb_text][\/et_pb_column][et_pb_column type=&#8221;1_4&#8243; _builder_version=&#8221;4.16&#8243; _module_preset=&#8221;default&#8221; global_colors_info=&#8221;{}&#8221;][et_pb_text _builder_version=&#8221;4.24.3&#8243; _module_preset=&#8221;default&#8221; text_text_color=&#8221;rgba(239,239,239,0.97)&#8221; custom_margin=&#8221;50px||||false|false&#8221; global_colors_info=&#8221;{}&#8221;]<\/p>\n<p style=\"text-align: center;\"><strong>Bran\u017ca konstrukcyjna<\/strong><br \/>___________________________<br \/><span>mgr in\u017c. Tomasz Osiniak<\/span><br \/><span>tel. 535-555-966<\/span><br \/><span>e-mail: kontakt@k-plus.pl<\/span><\/p>\n<p>[\/et_pb_text][\/et_pb_column][et_pb_column type=&#8221;1_4&#8243; _builder_version=&#8221;4.16&#8243; _module_preset=&#8221;default&#8221; global_colors_info=&#8221;{}&#8221;][et_pb_text _builder_version=&#8221;4.24.3&#8243; _module_preset=&#8221;default&#8221; text_text_color=&#8221;rgba(239,239,239,0.97)&#8221; custom_margin=&#8221;50px|||-9px|false|false&#8221; global_colors_info=&#8221;{}&#8221;]<\/p>\n<p style=\"text-align: center;\"><strong>Bran\u017ca sanitarna<br \/><\/strong>____________________________<br \/><span>mgr in\u017c. Jacek Osiniak<\/span><br \/><span>tel. 507-019-311<\/span><br \/><span>e-mail: jacek_osiniak@o2.pl<\/span><\/p>\n<p>[\/et_pb_text][\/et_pb_column][et_pb_column type=&#8221;1_4&#8243; _builder_version=&#8221;4.16&#8243; _module_preset=&#8221;default&#8221; global_colors_info=&#8221;{}&#8221;][et_pb_text _builder_version=&#8221;4.24.3&#8243; _module_preset=&#8221;default&#8221; text_text_color=&#8221;rgba(239,239,239,0.97)&#8221; custom_margin=&#8221;50px|||-18px|false|false&#8221; global_colors_info=&#8221;{}&#8221;]<\/p>\n<p style=\"text-align: center;\"><strong>Project Coordinator<br \/><\/strong>___________________________<br \/><span>in\u017c. Barry Mulkerns<\/span><br \/><span>tel. 798-620-671<\/span><br \/><span>e-mail: barry.mulkerns@gmail.com<\/span><\/p>\n<p>[\/et_pb_text][\/et_pb_column][\/et_pb_row][\/et_pb_section]<\/p>\n","protected":false},"excerpt":{"rendered":"<p>Hala INOX Gmina Czarna, PL &nbsp;Fabryka przetwornik\u00f3w ci\u015bnienia Radom, PL &nbsp;Hala MONAVI Gmina Czarna, PLBudynek wielorodzinny Aigueblanche, FR &nbsp;Zak\u0142ad Us\u0142ugowo-badawczy Modlnica, PL &nbsp;Siedziba firmy Softman S.A Piaseczno, PL &nbsp;Budynki wielorodzinne Rzesz\u00f3w, PL &nbsp;K-PLUS\u00a0Biuro Projektowe ul. Wielostronna 3904-856 WarszawaBran\u017ca konstrukcyjna___________________________mgr in\u017c. Tomasz Osiniaktel. 535-555-966e-mail: kontakt@k-plus.plBran\u017ca sanitarna____________________________mgr in\u017c. Jacek Osiniaktel. 507-019-311e-mail: jacek_osiniak@o2.plProject Coordinator___________________________in\u017c. Barry Mulkernstel. 798-620-671e-mail: barry.mulkerns@gmail.com<\/p>\n","protected":false},"author":1,"featured_media":0,"parent":0,"menu_order":0,"comment_status":"closed","ping_status":"closed","template":"","meta":{"_et_pb_use_builder":"on","_et_pb_old_content":"","_et_gb_content_width":"","inline_featured_image":false,"footnotes":""},"class_list":["post-88","page","type-page","status-publish","hentry"],"_links":{"self":[{"href":"https:\/\/k-plus.pl\/new\/wp-json\/wp\/v2\/pages\/88","targetHints":{"allow":["GET"]}}],"collection":[{"href":"https:\/\/k-plus.pl\/new\/wp-json\/wp\/v2\/pages"}],"about":[{"href":"https:\/\/k-plus.pl\/new\/wp-json\/wp\/v2\/types\/page"}],"author":[{"embeddable":true,"href":"https:\/\/k-plus.pl\/new\/wp-json\/wp\/v2\/users\/1"}],"replies":[{"embeddable":true,"href":"https:\/\/k-plus.pl\/new\/wp-json\/wp\/v2\/comments?post=88"}],"version-history":[{"count":0,"href":"https:\/\/k-plus.pl\/new\/wp-json\/wp\/v2\/pages\/88\/revisions"}],"wp:attachment":[{"href":"https:\/\/k-plus.pl\/new\/wp-json\/wp\/v2\/media?parent=88"}],"curies":[{"name":"wp","href":"https:\/\/api.w.org\/{rel}","templated":true}]}}